{"id":3695,"date":"2024-01-18T17:14:50","date_gmt":"2024-01-18T17:14:50","guid":{"rendered":"https:\/\/www.petattejan.nl\/?page_id=3695"},"modified":"2025-11-03T09:19:46","modified_gmt":"2025-11-03T09:19:46","slug":"nachrichten","status":"publish","type":"page","link":"https:\/\/www.petattejan.nl\/de\/nieuws\/","title":{"rendered":"Nachrichten"},"content":{"rendered":"<div data-elementor-type=\"wp-page\" data-elementor-id=\"3695\" class=\"elementor elementor-3695\" data-elementor-post-type=\"page\">\n\t\t\t\t\t\t<section class=\"elementor-section elementor-top-section elementor-element elementor-element-9e99be7 elementor-section-height-min-height elementor-section-boxed elementor-section-height-default elementor-section-items-middle\" data-id=\"9e99be7\" data-element_type=\"section\" data-e-type=\"section\" data-settings=\"{&quot;background_background&quot;:&quot;classic&quot;}\">\n\t\t\t\t\t\t<div class=\"elementor-container elementor-column-gap-default\">\n\t\t\t\t\t<div class=\"elementor-column elementor-col-100 elementor-top-column elementor-element elementor-element-5ef8ca4\" data-id=\"5ef8ca4\" data-element_type=\"column\" data-e-type=\"column\">\n\t\t\t<div class=\"elementor-widget-wrap elementor-element-populated\">\n\t\t\t\t\t\t<div class=\"elementor-element elementor-element-b8e16e4 elementor-widget elementor-widget-heading\" data-id=\"b8e16e4\" data-element_type=\"widget\" data-e-type=\"widget\" data-widget_type=\"heading.default\">\n\t\t\t\t<div class=\"elementor-widget-container\">\n\t\t\t\t\t<h1 class=\"elementor-heading-title elementor-size-default\">Die neuesten Nachrichten k\u00f6nnen Sie hier lesen: .......<\/h1>\t\t\t\t<\/div>\n\t\t\t\t<\/div>\n\t\t\t\t\t<\/div>\n\t\t<\/div>\n\t\t\t\t\t<\/div>\n\t\t<\/section>\n\t\t\t\t<section class=\"elementor-section elementor-top-section elementor-element elementor-element-3fb20cb elementor-section-boxed elementor-section-height-default elementor-section-height-default\" data-id=\"3fb20cb\" data-element_type=\"section\" data-e-type=\"section\" data-settings=\"{&quot;background_background&quot;:&quot;classic&quot;}\">\n\t\t\t\t\t\t<div class=\"elementor-container elementor-column-gap-no\">\n\t\t\t\t\t<div class=\"elementor-column elementor-col-100 elementor-top-column elementor-element elementor-element-db80437\" data-id=\"db80437\" data-element_type=\"column\" data-e-type=\"column\">\n\t\t\t<div class=\"elementor-widget-wrap\">\n\t\t\t\t\t\t\t<\/div>\n\t\t<\/div>\n\t\t\t\t\t<\/div>\n\t\t<\/section>\n\t\t\t\t<section class=\"elementor-section elementor-top-section elementor-element elementor-element-1641c32 elementor-section-boxed elementor-section-height-default elementor-section-height-default\" data-id=\"1641c32\" data-element_type=\"section\" data-e-type=\"section\" data-settings=\"{&quot;background_background&quot;:&quot;classic&quot;}\">\n\t\t\t\t\t\t<div class=\"elementor-container elementor-column-gap-no\">\n\t\t\t\t\t<div class=\"elementor-column elementor-col-100 elementor-top-column elementor-element elementor-element-8e77fc0\" data-id=\"8e77fc0\" data-element_type=\"column\" data-e-type=\"column\">\n\t\t\t<div class=\"elementor-widget-wrap elementor-element-populated\">\n\t\t\t\t\t\t<div class=\"elementor-element elementor-element-3883b4d elementor-widget elementor-widget-image\" data-id=\"3883b4d\" data-element_type=\"widget\" data-e-type=\"widget\" data-widget_type=\"image.default\">\n\t\t\t\t<div class=\"elementor-widget-container\">\n\t\t\t\t\t\t\t\t\t\t\t\t\t\t\t<img fetchpriority=\"high\" decoding=\"async\" width=\"627\" height=\"482\" src=\"https:\/\/www.petattejan.nl\/wp-content\/uploads\/2024\/01\/Krant-2.jpg\" class=\"attachment-large size-large wp-image-3782\" alt=\"\" srcset=\"https:\/\/www.petattejan.nl\/wp-content\/uploads\/2024\/01\/Krant-2.jpg 627w, https:\/\/www.petattejan.nl\/wp-content\/uploads\/2024\/01\/Krant-2-300x231.jpg 300w\" sizes=\"(max-width: 627px) 100vw, 627px\" \/>\t\t\t\t\t\t\t\t\t\t\t\t\t\t\t<\/div>\n\t\t\t\t<\/div>\n\t\t\t\t<div class=\"elementor-element elementor-element-4790a1f elementor-widget elementor-widget-text-editor\" data-id=\"4790a1f\" data-element_type=\"widget\" data-e-type=\"widget\" data-widget_type=\"text-editor.default\">\n\t\t\t\t<div class=\"elementor-widget-container\">\n\t\t\t\t\t\t\t\t\t<p>Die sechsj\u00e4hrige Julia und ihre Eltern wurden in der Silvesternacht mit einem gro\u00dfz\u00fcgigen Scheck der Pommesbude Petatte Jan \u00fcberrascht. Der Erl\u00f6s stammt aus einer j\u00e4hrlichen Oliebollenactie in Buchten zur Unterst\u00fctzung kranker Mitb\u00fcrger.<\/p><p>Jennifer und Jan Graus sa\u00dfen in der Silvesternacht mit ihren T\u00f6chtern Julia (6) und ...(3?) zu Hause auf dem Sofa in der Dorpstraat in Buchten. \u201eWir waren zu viert, K3 war eingeschaltet, und feierten Silvester.\u201d Gegen acht Uhr l\u00e4utete es an der T\u00fcr. \u201eDa standen Danny Maas, seine Frau und seine Tochter vor der T\u00fcr. Ich dachte: Die kommen, um uns Oliebollen zu bringen, denn Danny betreibt die Pommesbude Petatte Jan im Dorf. Er backt an Silvester immer Oliebollen und Waffeln.\u201d<\/p><p>Die \u00dcberraschung war viel gr\u00f6\u00dfer, als sie zu tr\u00e4umen gewagt hatten. \u201eIn der K\u00fcche zog Danny einen Umschlag heraus. Darin befanden sich satte 1.400 Euro. F\u00fcr Julia, sagte er. Wir waren sprachlos\u201d, sagt Jennifer. \u201eKeiner von uns blieb trocken\u201d, sagte Danny.<\/p><p>Bei der sechsj\u00e4hrigen Julia wurde vor einigen Jahren ein Hirntumor diagnostiziert. Jennifer: \u201eDa stand f\u00fcr uns als Eltern die Welt still.\u201d Es folgte ein harter Weg f\u00fcr die junge Familie mit Gehirnoperationen, Chemotherapie und t\u00e4glichen Medikamenten f\u00fcr die kleine Julia. \u201eDer letzte MRT-Scan brachte keine vollst\u00e4ndige Klarheit, aber sie hat eine gro\u00dfe \u00dcberlebenschance\u201d, sagte er. Julia hat durch den Tumor das Sehverm\u00f6gen auf einem Auge verloren. \u201eMit ihrem anderen Auge kann sie noch zwei Prozent sehen\u201d, sagte sie.\u201d<\/p><p>Der Umschlag mit 1.400 Euro ist der Erl\u00f6s der Oliebollen- und Waffelaktion, die Maas seit vier Jahren j\u00e4hrlich zu Silvester f\u00fcr wohlt\u00e4tige Zwecke durchf\u00fchrt. \u201eJedes Jahr zu Silvester verwandle ich den Pommeswagen von Petatte Jan in eine Kuchenbude. Im Jahr 2020 wurde bei einem guten Freund von mir Krebs diagnostiziert. Eine junge Familie, deren Leben durch die Krankheit des Vaters v\u00f6llig auf den Kopf gestellt wurde. Ich beschloss, den Silvestererl\u00f6s f\u00fcr ihn und seine Familie zu spenden, um damit etwas Gutes zu tun. Seitdem w\u00e4hle ich jedes Jahr einen guten Zweck im Dorf und in der Umgebung aus.\u201d<\/p><p>Es folgten weitere Aktionen zum Jahresende. Zum Beispiel f\u00fcr eine enge Freundin, deren Frau schwer erkrankt ist. \u201eSie wollte noch eine Reise nach Eurodisney mit Kindern und Enkelkindern. So kamen 1.000 Euro zusammen.\u201d Und f\u00fcr einen Jungen aus Born. \u201eEr war bettl\u00e4gerig und wurde in Barcelona operiert. Letztes Jahr kam er selbst\u00e4ndig zu Fu\u00df, um Oliebollen zu sammeln. Daf\u00fcr macht man es.\u201d<\/p><p>Julia ist jetzt in der dritten Klasse der Grundschule de Kingbeek in Grevenbicht. Mutter Jennifer: \u201eSie kann die Blindenschrift gut lesen. Als Elternteil hofft man auf eine gute Zukunft f\u00fcr sein Kind. Man wei\u00df nie, wie es mit der Krankheit weitergeht, aber Julia gibt uns Energie. Sie ist klug und fr\u00f6hlich. Sie l\u00e4sst sich von niemandem etwas sagen und hat viele Freunde\u201d.\u201d<\/p><p>Die \u00e4lteste Tochter der jungen Familie Graus darf mitentscheiden, was mit der gro\u00dfz\u00fcgigen Spende geschehen soll. Jennifer: \u201eSie m\u00f6chte nach Eurodisney in Paris fahren.\u201d Bis zum Herbst wird sie sich noch gedulden m\u00fcssen. \u201eDenn ich werde bald einen kleinen Sohn zur Welt bringen, unser drittes Kind. So ein Wochenende macht mehr Spa\u00df, wenn es nur ein bisschen weiter weg ist. Eine sch\u00f6ne Aussicht.\u201d<\/p><p>Danny Maas: \u201eWir haben zwar Julia und ihre Eltern gl\u00fccklich machen k\u00f6nnen, aber wir sind selbst stolz auf die gro\u00dfe Hilfe unserer Mitarbeiter dabei und dankbar, dass wir so etwas f\u00fcr andere tun k\u00f6nnen und d\u00fcrfen. Und ich freue mich schon auf die sch\u00f6nen Zeichnungen, die Julia versprochen hat.\u201d<\/p>\t\t\t\t\t\t\t\t<\/div>\n\t\t\t\t<\/div>\n\t\t\t\t\t<\/div>\n\t\t<\/div>\n\t\t\t\t\t<\/div>\n\t\t<\/section>\n\t\t\t\t<section class=\"elementor-section elementor-top-section elementor-element elementor-element-4a7c54f9 elementor-section-content-middle elementor-section-boxed elementor-section-height-default elementor-section-height-default\" data-id=\"4a7c54f9\" data-element_type=\"section\" data-e-type=\"section\" data-settings=\"{&quot;background_background&quot;:&quot;classic&quot;}\">\n\t\t\t\t\t\t\t<div class=\"elementor-background-overlay\"><\/div>\n\t\t\t\t\t\t\t<div class=\"elementor-container elementor-column-gap-no\">\n\t\t\t\t\t<div class=\"elementor-column elementor-col-66 elementor-top-column elementor-element elementor-element-3198ee3e\" data-id=\"3198ee3e\" data-element_type=\"column\" data-e-type=\"column\">\n\t\t\t<div class=\"elementor-widget-wrap elementor-element-populated\">\n\t\t\t\t\t\t<div class=\"elementor-element elementor-element-4863e598 elementor-widget elementor-widget-heading\" data-id=\"4863e598\" data-element_type=\"widget\" data-e-type=\"widget\" data-widget_type=\"heading.default\">\n\t\t\t\t<div class=\"elementor-widget-container\">\n\t\t\t\t\t<div class=\"elementor-heading-title elementor-size-default\">Was du nicht willst, dass man dich brate, das brate auch ein anderer nicht<\/div>\t\t\t\t<\/div>\n\t\t\t\t<\/div>\n\t\t\t\t\t<\/div>\n\t\t<\/div>\n\t\t\t\t<div class=\"elementor-column elementor-col-33 elementor-top-column elementor-element elementor-element-5f023400\" data-id=\"5f023400\" data-element_type=\"column\" data-e-type=\"column\">\n\t\t\t<div class=\"elementor-widget-wrap elementor-element-populated\">\n\t\t\t\t\t\t<div class=\"elementor-element elementor-element-f0c6f5b elementor-align-right elementor-tablet-align-left elementor-mobile-align-justify elementor-widget elementor-widget-button\" data-id=\"f0c6f5b\" data-element_type=\"widget\" data-e-type=\"widget\" data-widget_type=\"button.default\">\n\t\t\t\t<div class=\"elementor-widget-container\">\n\t\t\t\t\t\t\t\t\t<div class=\"elementor-button-wrapper\">\n\t\t\t\t\t<a class=\"elementor-button elementor-button-link elementor-size-sm\" href=\"https:\/\/www.petattejan.nl\/de\/buchungen\/\">\n\t\t\t\t\t\t<span class=\"elementor-button-content-wrapper\">\n\t\t\t\t\t\t\t\t\t<span class=\"elementor-button-text\">Frittenwagen buchen<\/span>\n\t\t\t\t\t<\/span>\n\t\t\t\t\t<\/a>\n\t\t\t\t<\/div>\n\t\t\t\t\t\t\t\t<\/div>\n\t\t\t\t<\/div>\n\t\t\t\t\t<\/div>\n\t\t<\/div>\n\t\t\t\t\t<\/div>\n\t\t<\/section>\n\t\t\t\t<\/div>","protected":false},"excerpt":{"rendered":"<p>De laatste nieuwtjes lees je hier&#8230;&#8230;. De 6-jarige Julia en haar ouders werden op oudejaarsavond compleet verrast met een zeer gulle cheque van frietkraam Petatte Jan. De opbrengst van een jaarlijkse oliebollenactie in Buchten om zieke medeburgers een hart onder de riem te steken. Jennifer en Jan Graus zaten op oudejaarsavond met hun dochtertjes Julia [&hellip;]<\/p>\n","protected":false},"author":1,"featured_media":0,"parent":0,"menu_order":0,"comment_status":"closed","ping_status":"closed","template":"","meta":{"site-sidebar-layout":"no-sidebar","site-content-layout":"page-builder","ast-site-content-layout":"full-width-container","site-content-style":"unboxed","site-sidebar-style":"unboxed","ast-global-header-display":"","ast-banner-title-visibility":"","ast-main-header-display":"","ast-hfb-above-header-display":"","ast-hfb-below-header-display":"","ast-hfb-mobile-header-display":"","site-post-title":"disabled","ast-breadcrumbs-content":"","ast-featured-img":"disabled","footer-sml-layout":"","ast-disable-related-posts":"","theme-transparent-header-meta":"enabled","adv-header-id-meta":"","stick-header-meta":"","header-above-stick-meta":"","header-main-stick-meta":"","header-below-stick-meta":"","astra-migrate-meta-layouts":"set","ast-page-background-enabled":"default","ast-page-background-meta":{"desktop":{"background-color":"","background-image":"","background-repeat":"repeat","background-position":"center center","background-size":"auto","background-attachment":"scroll","background-type":"","background-media":"","overlay-type":"","overlay-color":"","overlay-opacity":"","overlay-gradient":""},"tablet":{"background-color":"","background-image":"","background-repeat":"repeat","background-position":"center center","background-size":"auto","background-attachment":"scroll","background-type":"","background-media":"","overlay-type":"","overlay-color":"","overlay-opacity":"","overlay-gradient":""},"mobile":{"background-color":"","background-image":"","background-repeat":"repeat","background-position":"center center","background-size":"auto","background-attachment":"scroll","background-type":"","background-media":"","overlay-type":"","overlay-color":"","overlay-opacity":"","overlay-gradient":""}},"ast-content-background-meta":{"desktop":{"background-color":"var(--ast-global-color-5)","background-image":"","background-repeat":"repeat","background-position":"center center","background-size":"auto","background-attachment":"scroll","background-type":"","background-media":"","overlay-type":"","overlay-color":"","overlay-opacity":"","overlay-gradient":""},"tablet":{"background-color":"var(--ast-global-color-5)","background-image":"","background-repeat":"repeat","background-position":"center center","background-size":"auto","background-attachment":"scroll","background-type":"","background-media":"","overlay-type":"","overlay-color":"","overlay-opacity":"","overlay-gradient":""},"mobile":{"background-color":"var(--ast-global-color-5)","background-image":"","background-repeat":"repeat","background-position":"center center","background-size":"auto","background-attachment":"scroll","background-type":"","background-media":"","overlay-type":"","overlay-color":"","overlay-opacity":"","overlay-gradient":""}},"footnotes":""},"class_list":["post-3695","page","type-page","status-publish","hentry"],"_links":{"self":[{"href":"https:\/\/www.petattejan.nl\/de\/wp-json\/wp\/v2\/pages\/3695","targetHints":{"allow":["GET"]}}],"collection":[{"href":"https:\/\/www.petattejan.nl\/de\/wp-json\/wp\/v2\/pages"}],"about":[{"href":"https:\/\/www.petattejan.nl\/de\/wp-json\/wp\/v2\/types\/page"}],"author":[{"embeddable":true,"href":"https:\/\/www.petattejan.nl\/de\/wp-json\/wp\/v2\/users\/1"}],"replies":[{"embeddable":true,"href":"https:\/\/www.petattejan.nl\/de\/wp-json\/wp\/v2\/comments?post=3695"}],"version-history":[{"count":92,"href":"https:\/\/www.petattejan.nl\/de\/wp-json\/wp\/v2\/pages\/3695\/revisions"}],"predecessor-version":[{"id":4247,"href":"https:\/\/www.petattejan.nl\/de\/wp-json\/wp\/v2\/pages\/3695\/revisions\/4247"}],"wp:attachment":[{"href":"https:\/\/www.petattejan.nl\/de\/wp-json\/wp\/v2\/media?parent=3695"}],"curies":[{"name":"wp","href":"https:\/\/api.w.org\/{rel}","templated":true}]}}